{"id":3,"date":"2022-07-10T10:41:08","date_gmt":"2022-07-10T13:41:08","guid":{"rendered":"https:\/\/mastersul.com.br\/?page_id=3"},"modified":"2022-08-13T19:52:12","modified_gmt":"2022-08-13T22:52:12","slug":"politica-de-privacidade","status":"publish","type":"page","link":"https:\/\/mastersul.com.br\/en\/politica-de-privacidade\/","title":{"rendered":"Pol\u00edtica de privacidade"},"content":{"rendered":"<h1>Pol\u00edtica de Privacidade<\/h1>\n<p>Na Mastersul, privacidade e seguran\u00e7a s\u00e3o prioridades e nos comprometemos com a transpar\u00eancia do tratamento de dados pessoais dos nossos clientes. Por isso, nossa Pol\u00edtica de Privacidade estabelece como \u00e9 feita a coleta, uso e transfer\u00eancia das suas informa\u00e7\u00f5es.<\/p>\n<p>Ao utilizar nossos servi\u00e7os, voc\u00ea entende que coletamos e usamos suas informa\u00e7\u00f5es pessoais nas formas descritas nesta Pol\u00edtica, sob as normas da Constitui\u00e7\u00e3o Federal de 1988 (art. 5\u00ba, LXXIX; e o art. 22\u00ba, XXX \u2013 inclu\u00eddos pela EC 115\/2022), das normas de Prote\u00e7\u00e3o de Dados (LGPD, Lei Federal 13.709\/2018), das disposi\u00e7\u00f5es consumeristas da Lei Federal 8078\/1990 e as demais normas do ordenamento jur\u00eddico brasileiro aplic\u00e1veis.<\/p>\n<p>Dessa forma, a Mastersul Comex, inscrita no CNPJ sob o n\u00ba 10.802.919-0001\/52, no papel de Controladora de Dados, obriga-se ao disposto na presente Pol\u00edtica de Privacidade.<\/p>\n<h2>1. Quais dados coletamos sobre voc\u00ea e para qual finalidade?<\/h2>\n<p>Nosso site coleta e utiliza alguns dados pessoais seus, de forma a viabilizar a presta\u00e7\u00e3o de servi\u00e7os, aprimorar a experi\u00eancia de uso e utilizar para fins de marketing.<\/p>\n<h3>1.1. Dados pessoais fornecidos pelo titular<\/h3>\n<p>Nome<br \/>\nE-mail<\/p>\n<h3>1.2. Dados pessoais coletados automaticamente<\/h3>\n<p>Geolocaliza\u00e7\u00e3o<br \/>\nG\u00eanero<br \/>\nIdade<br \/>\nNavegador<br \/>\nTempo de navega\u00e7\u00e3o<\/p>\n<h2>2. Como coletamos os seus dados?<\/h2>\n<p>Nesse sentido, a coleta dos seus dados pessoais ocorre da seguinte forma:<\/p>\n<p>Formul\u00e1rio de atendimento<br \/>\nFerramentas de Marketing Digital<br \/>\nFormul\u00e1rio de Cadastro Newsletter<\/p>\n<h3>2.1. Consentimento<\/h3>\n<p>\u00c9 a partir do seu consentimento que tratamos os seus dados pessoais. O consentimento \u00e9 a manifesta\u00e7\u00e3o livre, informada e inequ\u00edvoca pela qual voc\u00ea autoriza a Mastersul Comex a tratar seus dados.<\/p>\n<p>Assim, em conson\u00e2ncia com a Lei Geral de Prote\u00e7\u00e3o de Dados, seus dados s\u00f3 ser\u00e3o coletados, tratados e armazenados mediante pr\u00e9vio e expresso consentimento.<\/p>\n<p>O seu consentimento ser\u00e1 obtido de forma espec\u00edfica para cada finalidade acima descrita, evidenciando o compromisso de transpar\u00eancia e boa-f\u00e9 da Mastersul Comex para com seus clientes, seguindo as regula\u00e7\u00f5es legislativas pertinentes.<\/p>\n<p>Ao utilizar os servi\u00e7os da Mastersul e fornecer seus dados pessoais, voc\u00ea est\u00e1 ciente e consentindo com as disposi\u00e7\u00f5es desta Pol\u00edtica de Privacidade, al\u00e9m de conhecer seus direitos e como exerc\u00ea-los.<\/p>\n<p>A qualquer tempo e sem nenhum custo, voc\u00ea poder\u00e1 revogar seu consentimento.<\/p>\n<p>\u00c9 importante destacar que a revoga\u00e7\u00e3o do consentimento para o tratamento dos dados pode implicar a impossibilidade da performance adequada de alguma funcionalidade do site que dependa da opera\u00e7\u00e3o. Tais consequ\u00eancias ser\u00e3o informadas previamente.<\/p>\n<h2>3. Quais s\u00e3o os seus direitos?<\/h2>\n<p>Asseguramos aos nossos clientes seus direitos de titular previstos no artigo 18 da Lei Geral de Prote\u00e7\u00e3o de Dados. Dessa forma, voc\u00ea pode, de maneira gratuita e a qualquer tempo:<\/p>\n<p>Confirmar a exist\u00eancia de tratamento de dados, de maneira simplificada ou em formato claro e completo.<br \/>\nAcessar seus dados, podendo solicit\u00e1-los em uma c\u00f3pia leg\u00edvel sob forma impressa ou por meio eletr\u00f4nico, seguro e id\u00f4neo.<br \/>\nCorrigir seus dados, ao solicitar a edi\u00e7\u00e3o, corre\u00e7\u00e3o ou atualiza\u00e7\u00e3o destes.<br \/>\nLimitar seus dados quando desnecess\u00e1rios, excessivos ou tratados em desconformidade com a legisla\u00e7\u00e3o atrav\u00e9s da anonimiza\u00e7\u00e3o, bloqueio ou elimina\u00e7\u00e3o.<br \/>\nSolicitar a portabilidade de seus dados, atrav\u00e9s de um relat\u00f3rio de dados cadastrais que a Mastersul trata a seu respeito.<br \/>\nEliminar seus dados tratados a partir de seu consentimento, exceto nos casos previstos em lei.<br \/>\nRevogar seu consentimento, desautorizando o tratamento de seus dados.<br \/>\nInformar-se sobre a possibilidade de n\u00e3o fornecer seu consentimento e sobre as consequ\u00eancias da negativa.<\/p>\n<h2>4. Como voc\u00ea pode exercer seus direitos de titular?<\/h2>\n<p>Para exercer seus direitos de titular, voc\u00ea deve entrar em contato com a Mastersul atrav\u00e9s dos seguintes meios dispon\u00edveis:<\/p>\n<p><a href=\"mailto:marketing@mastersul.com.br\">marketing@mastersul.com.br<\/a><\/p>\n<p>De forma a garantir a sua correta identifica\u00e7\u00e3o como titular dos dados pessoais objeto da solicita\u00e7\u00e3o, \u00e9 poss\u00edvel que solicitemos documentos ou demais comprova\u00e7\u00f5es que possam comprovar sua identidade. Nessa hip\u00f3tese, voc\u00ea ser\u00e1 informado previamente.<\/p>\n<h2>5. Como e por quanto tempo seus dados ser\u00e3o armazenados?<\/h2>\n<p>Seus dados pessoais coletados pela Mastersul ser\u00e3o utilizados e armazenados durante o tempo necess\u00e1rio para a presta\u00e7\u00e3o do servi\u00e7o ou para que as finalidades elencadas na presente Pol\u00edtica de Privacidade sejam atingidas, considerando os direitos dos titulares dos dados e dos controladores.<\/p>\n<p>De modo geral, seus dados ser\u00e3o mantidos enquanto a rela\u00e7\u00e3o contratual entre voc\u00ea e a Mastersul perdurar. Findado o per\u00edodo de armazenamento dos dados pessoais, estes ser\u00e3o exclu\u00eddos de nossas bases de dados ou anonimizados, ressalvadas as hip\u00f3teses legalmente previstas no artigo 16 lei geral de prote\u00e7\u00e3o de dados, a saber:<\/p>\n<p>I \u2013 cumprimento de obriga\u00e7\u00e3o legal ou regulat\u00f3ria pelo controlador;<\/p>\n<p>II \u2013 estudo por \u00f3rg\u00e3o de pesquisa, garantida, sempre que poss\u00edvel, a anonimiza\u00e7\u00e3o dos dados pessoais;<\/p>\n<p>III \u2013 transfer\u00eancia a terceiro, desde que respeitados os requisitos de tratamento de dados dispostos nesta Lei; ou<\/p>\n<p>IV \u2013 uso exclusivo do controlador, vedado seu acesso por terceiro, e desde que anonimizados os dados.<\/p>\n<p>Isto \u00e9, informa\u00e7\u00f5es pessoais sobre voc\u00ea que sejam imprescind\u00edveis para o cumprimento de determina\u00e7\u00f5es legais, judiciais e administrativas e\/ou para o exerc\u00edcio do direito de defesa em processos judiciais e administrativos ser\u00e3o mantidas, a despeito da exclus\u00e3o dos demais dados.<\/p>\n<p>O armazenamento de dados coletados reflete o nosso compromisso com a seguran\u00e7a e privacidade dos seus dados. Empregamos medidas e solu\u00e7\u00f5es t\u00e9cnicas de prote\u00e7\u00e3o aptas a garantir a confidencialidade, integridade e inviolabilidade dos seus dados. Al\u00e9m disso, tamb\u00e9m contamos com medidas de seguran\u00e7a apropriadas aos riscos e com controle de acesso \u00e0s informa\u00e7\u00f5es armazenadas.<\/p>\n<h2>6. O que fazemos para manter seus dados seguros?<\/h2>\n<p>Para mantermos suas informa\u00e7\u00f5es pessoais seguras, usamos ferramentas f\u00edsicas, eletr\u00f4nicas e gerenciais orientadas para a prote\u00e7\u00e3o da sua privacidade.<\/p>\n<p>Aplicamos essas ferramentas levando em considera\u00e7\u00e3o a natureza dos dados pessoais coletados, o contexto e a finalidade do tratamento e os riscos que eventuais viola\u00e7\u00f5es geram para os direitos e liberdades do titular dos dados coletados e tratados.<\/p>\n<p>Entre as medidas que adotamos, destacamos as seguintes:<\/p>\n<p>Apenas pessoas autorizadas t\u00eam acesso a seus dados pessoais<br \/>\nO acesso a seus dados pessoais \u00e9 feito somente ap\u00f3s o compromisso de confidencialidade<br \/>\nSeus dados pessoais s\u00e3o armazenados em ambiente seguro e id\u00f4neo.<br \/>\nNos comprometemos a adotar as melhores posturas para evitar incidentes de seguran\u00e7a. Contudo, \u00e9 necess\u00e1rio destacar que nenhuma p\u00e1gina virtual \u00e9 inteiramente segura e livre de riscos. \u00c9 poss\u00edvel que, apesar de todos os nossos protocolos de seguran\u00e7a, problemas de culpa exclusivamente de terceiros ocorram, como ataques cibern\u00e9ticos de hackers, ou tamb\u00e9m em decorr\u00eancia da neglig\u00eancia ou imprud\u00eancia do pr\u00f3prio cliente.<\/p>\n<p>Em caso de incidentes de seguran\u00e7a que possam gerar risco ou dano relevante para voc\u00ea ou qualquer um de nossos clientes, comunicaremos aos afetados e a Autoridade Nacional de Prote\u00e7\u00e3o de Dados sobre o ocorrido, em conson\u00e2ncia com as disposi\u00e7\u00f5es da Lei Geral de Prote\u00e7\u00e3o de Dados.<\/p>\n<h2>7. Com quem seus dados podem ser compartilhados?<\/h2>\n<p>Tendo em vista a preserva\u00e7\u00e3o de sua privacidade, n\u00e3o compartilhar\u00e1 seus dados pessoais com nenhum terceiro n\u00e3o autorizado.<\/p>\n<p>Seus dados poder\u00e3o ser compartilhados com nossos parceiros comerciais. Estes recebem seus dados apenas na medida do necess\u00e1rio para a presta\u00e7\u00e3o dos servi\u00e7os contratados e nossos contratos s\u00e3o orientados pelas normas de prote\u00e7\u00e3o de dados do ordenamento jur\u00eddico brasileiro.<\/p>\n<p>Al\u00e9m disso, tamb\u00e9m existem outras hip\u00f3teses em que seus dados poder\u00e3o ser compartilhados, que s\u00e3o:<\/p>\n<p>I \u2013 Determina\u00e7\u00e3o legal, requerimento, requisi\u00e7\u00e3o ou ordem judicial, com autoridades judiciais, administrativas ou governamentais competentes.<\/p>\n<p>II \u2013 Caso de movimenta\u00e7\u00f5es societ\u00e1rias, como fus\u00e3o, aquisi\u00e7\u00e3o e incorpora\u00e7\u00e3o, de forma autom\u00e1tica<\/p>\n<p>III \u2013 Prote\u00e7\u00e3o dos direitos da (nome empresarial simplificado) em qualquer tipo de conflito, inclusive os de teor judicial.<\/p>\n<h3>7.1. Transfer\u00eancia internacional de dados<\/h3>\n<p>Alguns dos terceiros com quem compartilhamos seus dados podem ser localizados ou ou possuir instala\u00e7\u00f5es localizadas em pa\u00edses estrangeiros. Nessas condi\u00e7\u00f5es, de toda forma, seus dados pessoais estar\u00e3o sujeitos \u00e0 Lei Geral de Prote\u00e7\u00e3o de Dados e \u00e0s demais legisla\u00e7\u00f5es brasileiras de prote\u00e7\u00e3o de dados<\/p>\n<p>Nesse sentido, a Mastersul se compromete a sempre adotar eficientes padr\u00f5es de seguran\u00e7a cibern\u00e9tica e de prote\u00e7\u00e3o de dados, nos melhores esfor\u00e7os de garantir e cumprir as exig\u00eancias legislativas.<\/p>\n<p>Ao concordar com essa Pol\u00edtica de Privacidade, voc\u00ea concorda com esse compartilhamento, que se dar\u00e1 conforme as finalidades descritas no presente instrumento.<\/p>\n<h2>8. Cookies ou dados de navega\u00e7\u00e3o<\/h2>\n<p>A Mastersul faz uso de Cookies, que s\u00e3o arquivos de texto enviados pela plataforma ao seu computador e que nele se armazenam, que cont\u00e9m informa\u00e7\u00f5es relacionadas \u00e0 navega\u00e7\u00e3o do site. Em suma, os Cookies s\u00e3o utilizados para aprimorar a experi\u00eancia de uso.<\/p>\n<p>Ao acessar nosso site e consentir com o uso de Cookies, voc\u00ea manifesta conhecer e aceitar a utiliza\u00e7\u00e3o de um sistema de coleta de dados de navega\u00e7\u00e3o com o uso de Cookies em seu dispositivo.<\/p>\n<p>Voc\u00ea pode, a qualquer tempo e sem nenhum custo, alterar as permiss\u00f5es, bloquear ou recusar os Cookies. Todavia, a revoga\u00e7\u00e3o do consentimento de determinados Cookies pode inviabilizar o funcionamento correto de alguns recursos da plataforma.<\/p>\n<p>Para gerenciar os cookies do seu navegador, basta faz\u00ea-lo diretamente nas configura\u00e7\u00f5es do navegador, na \u00e1rea de gest\u00e3o de Cookies.<\/p>\n<h2>9. Altera\u00e7\u00e3o desta Pol\u00edtica de Privacidade<\/h2>\n<p>A atual vers\u00e3o da Pol\u00edtica de Privacidade foi formulada e atualizada pela \u00faltima vez em: 04\/08\/2022.<\/p>\n<p>Reservamos o direito de modificar essa Pol\u00edtica de Privacidade a qualquer tempo, principalmente em fun\u00e7\u00e3o da adequa\u00e7\u00e3o a eventuais altera\u00e7\u00f5es feitas em nosso site ou em \u00e2mbito legislativo. Recomendamos que voc\u00ea a revise com frequ\u00eancia.<\/p>\n<p>Eventuais altera\u00e7\u00f5es entrar\u00e3o em vigor a partir de sua publica\u00e7\u00e3o em nosso site e sempre lhe notificaremos acerca das mudan\u00e7as ocorridas.<\/p>\n<p>Ao utilizar nossos servi\u00e7os e fornecer seus dados pessoais ap\u00f3s tais modifica\u00e7\u00f5es, voc\u00ea \u00e0s consente.<\/p>\n<h2>10. Responsabilidade<\/h2>\n<p>A Mastersul prev\u00ea a responsabilidade dos agentes que atuam nos processos de tratamento de dados, em conformidade com os artigos 42 ao 45 da Lei Geral de Prote\u00e7\u00e3o de Dados.<\/p>\n<p>Nos comprometemos em manter esta Pol\u00edtica de Privacidade atualizada, observando suas disposi\u00e7\u00f5es e zelando por seu cumprimento.<\/p>\n<p>Al\u00e9m disso, tamb\u00e9m assumimos o compromisso de buscar condi\u00e7\u00f5es t\u00e9cnicas e organizativas seguras aptas a proteger todo o processo de tratamento de dados.<\/p>\n<p>Caso a Autoridade Nacional de Prote\u00e7\u00e3o de Dados exija a ado\u00e7\u00e3o de provid\u00eancias em rela\u00e7\u00e3o ao tratamento de dados realizado pela Mastersul, comprometemo-nos a segui-las.<\/p>\n<h3>10.1 Isen\u00e7\u00e3o de responsabilidade<\/h3>\n<p>Conforme mencionado no T\u00f3pico 6, embora adotemos elevados padr\u00f5es de seguran\u00e7a a fim de evitar incidentes, n\u00e3o h\u00e1 nenhuma p\u00e1gina virtual inteiramente livre de riscos. Nesse sentido, a Mastersul n\u00e3o se responsabiliza por:<\/p>\n<p>I \u2013 Quaisquer consequ\u00eancias decorrentes da neglig\u00eancia, imprud\u00eancia ou imper\u00edcia dos usu\u00e1rios em rela\u00e7\u00e3o a seus dados individuais. Garantimos e nos responsabilizamos apenas pela seguran\u00e7a dos processos de tratamento de dados e do cumprimento das finalidades descritas no presente instrumento.<\/p>\n<p>Destacamos que a responsabilidade em rela\u00e7\u00e3o \u00e0 confidencialidade dos dados de acesso \u00e9 do usu\u00e1rio.<\/p>\n<p>II \u2013 A\u00e7\u00f5es maliciosas de terceiros, como ataques de hackers, exceto se comprovada conduta culposa ou deliberada da Mastersul.<\/p>\n<p>Destacamos que em caso de incidentes de seguran\u00e7a que possam gerar risco ou dano relevante para voc\u00ea ou qualquer um de nossos clientes, comunicaremos aos afetados e \u00e0 Autoridade Nacional de Prote\u00e7\u00e3o de Dados sobre o ocorrido e cumpriremos as provid\u00eancias necess\u00e1rias.<\/p>\n<p>III \u2013 Inveracidade das informa\u00e7\u00f5es inseridas pelo usu\u00e1rio\/cliente nos registros necess\u00e1rios para a utiliza\u00e7\u00e3o dos servi\u00e7os da Mastersul; quaisquer consequ\u00eancias decorrentes de informa\u00e7\u00f5es falsas ou inseridas de m\u00e1-f\u00e9 s\u00e3o de inteiramente responsabilidade do usu\u00e1rio\/cliente.<\/p>\n<h1>Pol\u00edtica de Cookies<\/h1>\n<p>Utilizamos cookies para oferecer melhor experi\u00eancia, melhorar o desempenho, analisar como voc\u00ea interage em nosso site e personalizar conte\u00fado.<\/p>\n","protected":false},"excerpt":{"rendered":"<p>Pol\u00edtica de Privacidade Na Mastersul, privacidade e seguran\u00e7a s\u00e3o prioridades e nos comprometemos com a transpar\u00eancia do tratamento de dados pessoais dos nossos clientes. Por isso, nossa Pol\u00edtica de Privacidade estabelece como \u00e9 feita a coleta, uso e transfer\u00eancia das suas informa\u00e7\u00f5es. Ao utilizar nossos servi\u00e7os, voc\u00ea entende que coletamos e usamos suas informa\u00e7\u00f5es pessoais [&hellip;]<\/p>\n","protected":false},"author":1,"featured_media":0,"parent":0,"menu_order":0,"comment_status":"closed","ping_status":"closed","template":"","meta":{"_acf_changed":false,"rop_custom_images_group":[],"rop_custom_messages_group":[],"rop_publish_now":"initial","rop_publish_now_accounts":[],"rop_publish_now_history":[],"rop_publish_now_status":"pending","footnotes":""},"class_list":["post-3","page","type-page","status-publish","hentry"],"acf":[],"yoast_head":"<!-- This site is optimized with the Yoast SEO plugin v27.3 - https:\/\/yoast.com\/product\/yoast-seo-wordpress\/ -->\n<title>Pol\u00edtica de privacidade<\/title>\n<meta name=\"robots\" content=\"index, follow, max-snippet:-1, max-image-preview:large, max-video-preview:-1\" \/>\n<link rel=\"canonical\" href=\"https:\/\/mastersul.com.br\/en\/politica-de-privacidade\/\" \/>\n<meta property=\"og:locale\" content=\"en_US\" \/>\n<meta property=\"og:locale:alternate\" content=\"pt_BR\" \/>\n<meta property=\"og:locale:alternate\" content=\"es\" \/>\n<meta property=\"og:type\" content=\"article\" \/>\n<meta property=\"og:title\" content=\"Pol\u00edtica de privacidade\" \/>\n<meta property=\"og:description\" content=\"Pol\u00edtica de Privacidade Na Mastersul, privacidade e seguran\u00e7a s\u00e3o prioridades e nos comprometemos com a transpar\u00eancia do tratamento de dados pessoais dos nossos clientes. Por isso, nossa Pol\u00edtica de Privacidade estabelece como \u00e9 feita a coleta, uso e transfer\u00eancia das suas informa\u00e7\u00f5es. Ao utilizar nossos servi\u00e7os, voc\u00ea entende que coletamos e usamos suas informa\u00e7\u00f5es pessoais [&hellip;]\" \/>\n<meta property=\"og:url\" content=\"https:\/\/mastersul.com.br\/en\/politica-de-privacidade\/\" \/>\n<meta property=\"og:site_name\" content=\"Mastersul\" \/>\n<meta property=\"article:modified_time\" content=\"2022-08-13T22:52:12+00:00\" \/>\n<meta name=\"twitter:card\" content=\"summary_large_image\" \/>\n<meta name=\"twitter:label1\" content=\"Est. reading time\" \/>\n\t<meta name=\"twitter:data1\" content=\"11 minutes\" \/>\n<script type=\"application\/ld+json\" class=\"yoast-schema-graph\">{\"@context\":\"https:\\\/\\\/schema.org\",\"@graph\":[{\"@type\":\"WebPage\",\"@id\":\"https:\\\/\\\/mastersul.com.br\\\/politica-de-privacidade\\\/\",\"url\":\"https:\\\/\\\/mastersul.com.br\\\/politica-de-privacidade\\\/\",\"name\":\"Pol\u00edtica de privacidade\",\"isPartOf\":{\"@id\":\"https:\\\/\\\/mastersul.com.br\\\/#website\"},\"datePublished\":\"2022-07-10T13:41:08+00:00\",\"dateModified\":\"2022-08-13T22:52:12+00:00\",\"breadcrumb\":{\"@id\":\"https:\\\/\\\/mastersul.com.br\\\/politica-de-privacidade\\\/#breadcrumb\"},\"inLanguage\":\"en-US\",\"potentialAction\":[{\"@type\":\"ReadAction\",\"target\":[\"https:\\\/\\\/mastersul.com.br\\\/politica-de-privacidade\\\/\"]}]},{\"@type\":\"BreadcrumbList\",\"@id\":\"https:\\\/\\\/mastersul.com.br\\\/politica-de-privacidade\\\/#breadcrumb\",\"itemListElement\":[{\"@type\":\"ListItem\",\"position\":1,\"name\":\"In\u00edcio\",\"item\":\"https:\\\/\\\/mastersul.com.br\\\/\"},{\"@type\":\"ListItem\",\"position\":2,\"name\":\"Pol\u00edtica de privacidade\"}]},{\"@type\":\"WebSite\",\"@id\":\"https:\\\/\\\/mastersul.com.br\\\/#website\",\"url\":\"https:\\\/\\\/mastersul.com.br\\\/\",\"name\":\"Mastersul\",\"description\":\"Solu\u00e7\u00e3o log\u00edstica e aduaneira para a sua empresa\",\"potentialAction\":[{\"@type\":\"SearchAction\",\"target\":{\"@type\":\"EntryPoint\",\"urlTemplate\":\"https:\\\/\\\/mastersul.com.br\\\/?s={search_term_string}\"},\"query-input\":{\"@type\":\"PropertyValueSpecification\",\"valueRequired\":true,\"valueName\":\"search_term_string\"}}],\"inLanguage\":\"en-US\"}]}<\/script>\n<!-- \/ Yoast SEO plugin. -->","yoast_head_json":{"title":"Pol\u00edtica de privacidade","robots":{"index":"index","follow":"follow","max-snippet":"max-snippet:-1","max-image-preview":"max-image-preview:large","max-video-preview":"max-video-preview:-1"},"canonical":"https:\/\/mastersul.com.br\/en\/politica-de-privacidade\/","og_locale":"en_US","og_type":"article","og_title":"[:pt]Pol\u00edtica de privacidade[:] - Mastersul","og_description":"Pol\u00edtica de Privacidade Na Mastersul, privacidade e seguran\u00e7a s\u00e3o prioridades e nos comprometemos com a transpar\u00eancia do tratamento de dados pessoais dos nossos clientes. Por isso, nossa Pol\u00edtica de Privacidade estabelece como \u00e9 feita a coleta, uso e transfer\u00eancia das suas informa\u00e7\u00f5es. Ao utilizar nossos servi\u00e7os, voc\u00ea entende que coletamos e usamos suas informa\u00e7\u00f5es pessoais [&hellip;]","og_url":"https:\/\/mastersul.com.br\/en\/politica-de-privacidade\/","og_site_name":"Mastersul","article_modified_time":"2022-08-13T22:52:12+00:00","twitter_card":"summary_large_image","twitter_misc":{"Est. reading time":"11 minutes"},"schema":{"@context":"https:\/\/schema.org","@graph":[{"@type":"WebPage","@id":"https:\/\/mastersul.com.br\/politica-de-privacidade\/","url":"https:\/\/mastersul.com.br\/politica-de-privacidade\/","name":"Pol\u00edtica de privacidade","isPartOf":{"@id":"https:\/\/mastersul.com.br\/#website"},"datePublished":"2022-07-10T13:41:08+00:00","dateModified":"2022-08-13T22:52:12+00:00","breadcrumb":{"@id":"https:\/\/mastersul.com.br\/politica-de-privacidade\/#breadcrumb"},"inLanguage":"en-US","potentialAction":[{"@type":"ReadAction","target":["https:\/\/mastersul.com.br\/politica-de-privacidade\/"]}]},{"@type":"BreadcrumbList","@id":"https:\/\/mastersul.com.br\/politica-de-privacidade\/#breadcrumb","itemListElement":[{"@type":"ListItem","position":1,"name":"In\u00edcio","item":"https:\/\/mastersul.com.br\/"},{"@type":"ListItem","position":2,"name":"Pol\u00edtica de privacidade"}]},{"@type":"WebSite","@id":"https:\/\/mastersul.com.br\/#website","url":"https:\/\/mastersul.com.br\/","name":"Mastersul","description":"Solu\u00e7\u00e3o log\u00edstica e aduaneira para a sua empresa","potentialAction":[{"@type":"SearchAction","target":{"@type":"EntryPoint","urlTemplate":"https:\/\/mastersul.com.br\/?s={search_term_string}"},"query-input":{"@type":"PropertyValueSpecification","valueRequired":true,"valueName":"search_term_string"}}],"inLanguage":"en-US"}]}},"_links":{"self":[{"href":"https:\/\/mastersul.com.br\/en\/wp-json\/wp\/v2\/pages\/3","targetHints":{"allow":["GET"]}}],"collection":[{"href":"https:\/\/mastersul.com.br\/en\/wp-json\/wp\/v2\/pages"}],"about":[{"href":"https:\/\/mastersul.com.br\/en\/wp-json\/wp\/v2\/types\/page"}],"author":[{"embeddable":true,"href":"https:\/\/mastersul.com.br\/en\/wp-json\/wp\/v2\/users\/1"}],"replies":[{"embeddable":true,"href":"https:\/\/mastersul.com.br\/en\/wp-json\/wp\/v2\/comments?post=3"}],"version-history":[{"count":4,"href":"https:\/\/mastersul.com.br\/en\/wp-json\/wp\/v2\/pages\/3\/revisions"}],"predecessor-version":[{"id":471,"href":"https:\/\/mastersul.com.br\/en\/wp-json\/wp\/v2\/pages\/3\/revisions\/471"}],"wp:attachment":[{"href":"https:\/\/mastersul.com.br\/en\/wp-json\/wp\/v2\/media?parent=3"}],"curies":[{"name":"wp","href":"https:\/\/api.w.org\/{rel}","templated":true}]}}