{"id":43,"date":"2022-07-10T11:38:51","date_gmt":"2022-07-10T14:38:51","guid":{"rendered":"https:\/\/mastersul.com.br\/?page_id=43"},"modified":"2023-09-04T11:13:43","modified_gmt":"2023-09-04T14:13:43","slug":"a-mastersul","status":"publish","type":"page","link":"https:\/\/mastersul.com.br\/es\/a-mastersul\/","title":{"rendered":"A Mastersul"},"content":{"rendered":"","protected":false},"excerpt":{"rendered":"","protected":false},"author":1,"featured_media":0,"parent":0,"menu_order":0,"comment_status":"closed","ping_status":"closed","template":"template\/sobre.php","meta":{"_acf_changed":false,"rop_custom_images_group":[],"rop_custom_messages_group":[],"rop_publish_now":"initial","rop_publish_now_accounts":[],"rop_publish_now_history":[],"rop_publish_now_status":"pending","footnotes":""},"class_list":["post-43","page","type-page","status-publish","hentry"],"acf":[],"yoast_head":"<!-- This site is optimized with the Yoast SEO plugin v27.3 - https:\/\/yoast.com\/product\/yoast-seo-wordpress\/ -->\n<title>A Mastersul<\/title>\n<meta name=\"robots\" content=\"index, follow, max-snippet:-1, max-image-preview:large, max-video-preview:-1\" \/>\n<link rel=\"canonical\" href=\"https:\/\/mastersul.com.br\/es\/a-mastersul\/\" \/>\n<meta property=\"og:locale\" content=\"es_ES\" \/>\n<meta property=\"og:locale:alternate\" content=\"pt_BR\" \/>\n<meta property=\"og:locale:alternate\" content=\"en_US\" \/>\n<meta property=\"og:type\" content=\"article\" \/>\n<meta property=\"og:title\" content=\"A Mastersul\" \/>\n<meta property=\"og:url\" content=\"https:\/\/mastersul.com.br\/es\/a-mastersul\/\" \/>\n<meta property=\"og:site_name\" content=\"Mastersul\" \/>\n<meta property=\"article:modified_time\" content=\"2023-09-04T14:13:43+00:00\" \/>\n<meta name=\"twitter:card\" content=\"summary_large_image\" \/>\n<script type=\"application\/ld+json\" class=\"yoast-schema-graph\">{\"@context\":\"https:\\\/\\\/schema.org\",\"@graph\":[{\"@type\":\"WebPage\",\"@id\":\"https:\\\/\\\/mastersul.com.br\\\/en\\\/a-mastersul\\\/\",\"url\":\"https:\\\/\\\/mastersul.com.br\\\/en\\\/a-mastersul\\\/\",\"name\":\"A Mastersul\",\"isPartOf\":{\"@id\":\"https:\\\/\\\/mastersul.com.br\\\/#website\"},\"datePublished\":\"2022-07-10T14:38:51+00:00\",\"dateModified\":\"2023-09-04T14:13:43+00:00\",\"breadcrumb\":{\"@id\":\"https:\\\/\\\/mastersul.com.br\\\/en\\\/a-mastersul\\\/#breadcrumb\"},\"inLanguage\":\"es\",\"potentialAction\":[{\"@type\":\"ReadAction\",\"target\":[\"https:\\\/\\\/mastersul.com.br\\\/en\\\/a-mastersul\\\/\"]}]},{\"@type\":\"BreadcrumbList\",\"@id\":\"https:\\\/\\\/mastersul.com.br\\\/en\\\/a-mastersul\\\/#breadcrumb\",\"itemListElement\":[{\"@type\":\"ListItem\",\"position\":1,\"name\":\"In\u00edcio\",\"item\":\"https:\\\/\\\/mastersul.com.br\\\/\"},{\"@type\":\"ListItem\",\"position\":2,\"name\":\"A Mastersul\"}]},{\"@type\":\"WebSite\",\"@id\":\"https:\\\/\\\/mastersul.com.br\\\/#website\",\"url\":\"https:\\\/\\\/mastersul.com.br\\\/\",\"name\":\"Mastersul\",\"description\":\"Solu\u00e7\u00e3o log\u00edstica e aduaneira para a sua empresa\",\"potentialAction\":[{\"@type\":\"SearchAction\",\"target\":{\"@type\":\"EntryPoint\",\"urlTemplate\":\"https:\\\/\\\/mastersul.com.br\\\/?s={search_term_string}\"},\"query-input\":{\"@type\":\"PropertyValueSpecification\",\"valueRequired\":true,\"valueName\":\"search_term_string\"}}],\"inLanguage\":\"es\"}]}<\/script>\n<!-- \/ Yoast SEO plugin. -->","yoast_head_json":{"title":"A Mastersul","robots":{"index":"index","follow":"follow","max-snippet":"max-snippet:-1","max-image-preview":"max-image-preview:large","max-video-preview":"max-video-preview:-1"},"canonical":"https:\/\/mastersul.com.br\/es\/a-mastersul\/","og_locale":"es_ES","og_type":"article","og_title":"[:pt]A Mastersul[:en]A Mastersul[:es]A Mastersul[:] - Mastersul","og_url":"https:\/\/mastersul.com.br\/es\/a-mastersul\/","og_site_name":"Mastersul","article_modified_time":"2023-09-04T14:13:43+00:00","twitter_card":"summary_large_image","schema":{"@context":"https:\/\/schema.org","@graph":[{"@type":"WebPage","@id":"https:\/\/mastersul.com.br\/en\/a-mastersul\/","url":"https:\/\/mastersul.com.br\/en\/a-mastersul\/","name":"A Mastersul","isPartOf":{"@id":"https:\/\/mastersul.com.br\/#website"},"datePublished":"2022-07-10T14:38:51+00:00","dateModified":"2023-09-04T14:13:43+00:00","breadcrumb":{"@id":"https:\/\/mastersul.com.br\/en\/a-mastersul\/#breadcrumb"},"inLanguage":"es","potentialAction":[{"@type":"ReadAction","target":["https:\/\/mastersul.com.br\/en\/a-mastersul\/"]}]},{"@type":"BreadcrumbList","@id":"https:\/\/mastersul.com.br\/en\/a-mastersul\/#breadcrumb","itemListElement":[{"@type":"ListItem","position":1,"name":"In\u00edcio","item":"https:\/\/mastersul.com.br\/"},{"@type":"ListItem","position":2,"name":"A Mastersul"}]},{"@type":"WebSite","@id":"https:\/\/mastersul.com.br\/#website","url":"https:\/\/mastersul.com.br\/","name":"Mastersul","description":"Solu\u00e7\u00e3o log\u00edstica e aduaneira para a sua empresa","potentialAction":[{"@type":"SearchAction","target":{"@type":"EntryPoint","urlTemplate":"https:\/\/mastersul.com.br\/?s={search_term_string}"},"query-input":{"@type":"PropertyValueSpecification","valueRequired":true,"valueName":"search_term_string"}}],"inLanguage":"es"}]}},"_links":{"self":[{"href":"https:\/\/mastersul.com.br\/es\/wp-json\/wp\/v2\/pages\/43","targetHints":{"allow":["GET"]}}],"collection":[{"href":"https:\/\/mastersul.com.br\/es\/wp-json\/wp\/v2\/pages"}],"about":[{"href":"https:\/\/mastersul.com.br\/es\/wp-json\/wp\/v2\/types\/page"}],"author":[{"embeddable":true,"href":"https:\/\/mastersul.com.br\/es\/wp-json\/wp\/v2\/users\/1"}],"replies":[{"embeddable":true,"href":"https:\/\/mastersul.com.br\/es\/wp-json\/wp\/v2\/comments?post=43"}],"version-history":[{"count":5,"href":"https:\/\/mastersul.com.br\/es\/wp-json\/wp\/v2\/pages\/43\/revisions"}],"predecessor-version":[{"id":2972,"href":"https:\/\/mastersul.com.br\/es\/wp-json\/wp\/v2\/pages\/43\/revisions\/2972"}],"wp:attachment":[{"href":"https:\/\/mastersul.com.br\/es\/wp-json\/wp\/v2\/media?parent=43"}],"curies":[{"name":"wp","href":"https:\/\/api.w.org\/{rel}","templated":true}]}}