{"id":8,"date":"2022-07-10T10:46:05","date_gmt":"2022-07-10T13:46:05","guid":{"rendered":"https:\/\/mastersul.com.br\/?page_id=8"},"modified":"2025-12-15T08:17:32","modified_gmt":"2025-12-15T11:17:32","slug":"home","status":"publish","type":"page","link":"https:\/\/mastersul.com.br\/es\/","title":{"rendered":"Home"},"content":{"rendered":"","protected":false},"excerpt":{"rendered":"","protected":false},"author":1,"featured_media":0,"parent":0,"menu_order":0,"comment_status":"closed","ping_status":"closed","template":"","meta":{"_acf_changed":false,"rop_custom_images_group":[],"rop_custom_messages_group":[],"rop_publish_now":"initial","rop_publish_now_accounts":[],"rop_publish_now_history":[],"rop_publish_now_status":"pending","footnotes":""},"class_list":["post-8","page","type-page","status-publish","hentry"],"acf":[],"yoast_head":"<!-- This site is optimized with the Yoast SEO plugin v27.3 - https:\/\/yoast.com\/product\/yoast-seo-wordpress\/ -->\n<title>Home<\/title>\n<meta name=\"description\" content=\"Mais do que assessorar a sua empresa: n\u00f3s garantimos o sucesso da sua importa\u00e7\u00e3o e exporta\u00e7\u00e3o.\" \/>\n<meta name=\"robots\" content=\"index, follow, max-snippet:-1, max-image-preview:large, max-video-preview:-1\" \/>\n<link rel=\"canonical\" href=\"https:\/\/mastersul.com.br\/es\/\" \/>\n<meta property=\"og:locale\" content=\"es_ES\" \/>\n<meta property=\"og:locale:alternate\" content=\"pt_BR\" \/>\n<meta property=\"og:locale:alternate\" content=\"en_US\" \/>\n<meta property=\"og:type\" content=\"article\" \/>\n<meta property=\"og:title\" content=\"Home\" \/>\n<meta property=\"og:description\" content=\"Mais do que assessorar a sua empresa: n\u00f3s garantimos o sucesso da sua importa\u00e7\u00e3o e exporta\u00e7\u00e3o.\" \/>\n<meta property=\"og:url\" content=\"https:\/\/mastersul.com.br\/es\/\" \/>\n<meta property=\"og:site_name\" content=\"Mastersul\" \/>\n<meta property=\"article:modified_time\" content=\"2025-12-15T11:17:32+00:00\" \/>\n<meta name=\"twitter:card\" content=\"summary_large_image\" \/>\n<meta name=\"twitter:label1\" content=\"Tiempo de lectura\" \/>\n\t<meta name=\"twitter:data1\" content=\"6 minutos\" \/>\n<script type=\"application\/ld+json\" class=\"yoast-schema-graph\">{\"@context\":\"https:\\\/\\\/schema.org\",\"@graph\":[{\"@type\":[\"Article\",\"BlogPosting\"],\"@id\":\"https:\\\/\\\/mastersul.com.br\\\/#article\",\"isPartOf\":{\"@id\":\"https:\\\/\\\/mastersul.com.br\\\/\"},\"author\":{\"name\":\"Gabriel Amarante\",\"@id\":\"https:\\\/\\\/mastersul.com.br\\\/#\\\/schema\\\/person\\\/462270e149759539a07d47944ab9fa83\"},\"headline\":\"Home\",\"datePublished\":\"2022-07-10T13:46:05+00:00\",\"dateModified\":\"2025-12-15T11:17:32+00:00\",\"mainEntityOfPage\":{\"@id\":\"https:\\\/\\\/mastersul.com.br\\\/\"},\"wordCount\":6,\"inLanguage\":\"es\"},{\"@type\":\"WebPage\",\"@id\":\"https:\\\/\\\/mastersul.com.br\\\/\",\"url\":\"https:\\\/\\\/mastersul.com.br\\\/\",\"name\":\"Home\",\"isPartOf\":{\"@id\":\"https:\\\/\\\/mastersul.com.br\\\/#website\"},\"datePublished\":\"2022-07-10T13:46:05+00:00\",\"dateModified\":\"2025-12-15T11:17:32+00:00\",\"description\":\"Mais do que assessorar a sua empresa: n\u00f3s garantimos o sucesso da sua importa\u00e7\u00e3o e exporta\u00e7\u00e3o.\",\"breadcrumb\":{\"@id\":\"https:\\\/\\\/mastersul.com.br\\\/#breadcrumb\"},\"inLanguage\":\"es\",\"potentialAction\":[{\"@type\":\"ReadAction\",\"target\":[\"https:\\\/\\\/mastersul.com.br\\\/\"]}]},{\"@type\":\"BreadcrumbList\",\"@id\":\"https:\\\/\\\/mastersul.com.br\\\/#breadcrumb\",\"itemListElement\":[{\"@type\":\"ListItem\",\"position\":1,\"name\":\"In\u00edcio\",\"item\":\"https:\\\/\\\/mastersul.com.br\\\/\"},{\"@type\":\"ListItem\",\"position\":2,\"name\":\"Home\"}]},{\"@type\":\"WebSite\",\"@id\":\"https:\\\/\\\/mastersul.com.br\\\/#website\",\"url\":\"https:\\\/\\\/mastersul.com.br\\\/\",\"name\":\"Mastersul\",\"description\":\"Solu\u00e7\u00e3o log\u00edstica e aduaneira para a sua empresa\",\"potentialAction\":[{\"@type\":\"SearchAction\",\"target\":{\"@type\":\"EntryPoint\",\"urlTemplate\":\"https:\\\/\\\/mastersul.com.br\\\/?s={search_term_string}\"},\"query-input\":{\"@type\":\"PropertyValueSpecification\",\"valueRequired\":true,\"valueName\":\"search_term_string\"}}],\"inLanguage\":\"es\"},{\"@type\":\"Person\",\"@id\":\"https:\\\/\\\/mastersul.com.br\\\/#\\\/schema\\\/person\\\/462270e149759539a07d47944ab9fa83\",\"name\":\"Gabriel Amarante\",\"image\":{\"@type\":\"ImageObject\",\"inLanguage\":\"es\",\"@id\":\"https:\\\/\\\/secure.gravatar.com\\\/avatar\\\/5b353e3e410b34e6bf21da9daf0ca97fd281ee9482091f81c438d5225f0e1e19?s=96&d=mm&r=g\",\"url\":\"https:\\\/\\\/secure.gravatar.com\\\/avatar\\\/5b353e3e410b34e6bf21da9daf0ca97fd281ee9482091f81c438d5225f0e1e19?s=96&d=mm&r=g\",\"contentUrl\":\"https:\\\/\\\/secure.gravatar.com\\\/avatar\\\/5b353e3e410b34e6bf21da9daf0ca97fd281ee9482091f81c438d5225f0e1e19?s=96&d=mm&r=g\",\"caption\":\"Gabriel Amarante\"},\"sameAs\":[\"https:\\\/\\\/gabrielfreelancer.com.br\"],\"url\":\"https:\\\/\\\/mastersul.com.br\\\/es\\\/author\\\/amarante\\\/\"}]}<\/script>\n<!-- \/ Yoast SEO plugin. -->","yoast_head_json":{"title":"Home","description":"Mais do que assessorar a sua empresa: n\u00f3s garantimos o sucesso da sua importa\u00e7\u00e3o e exporta\u00e7\u00e3o.","robots":{"index":"index","follow":"follow","max-snippet":"max-snippet:-1","max-image-preview":"max-image-preview:large","max-video-preview":"max-video-preview:-1"},"canonical":"https:\/\/mastersul.com.br\/es\/","og_locale":"es_ES","og_type":"article","og_title":"[:pt]Home[:en]Home[:es]Home[:] - Mastersul","og_description":"[:pt]Mais do que assessorar a sua empresa: n\u00f3s garantimos o sucesso da sua importa\u00e7\u00e3o e exporta\u00e7\u00e3o.[:]","og_url":"https:\/\/mastersul.com.br\/es\/","og_site_name":"Mastersul","article_modified_time":"2025-12-15T11:17:32+00:00","twitter_card":"summary_large_image","twitter_misc":{"Tiempo de lectura":"6 minutos"},"schema":{"@context":"https:\/\/schema.org","@graph":[{"@type":["Article","BlogPosting"],"@id":"https:\/\/mastersul.com.br\/#article","isPartOf":{"@id":"https:\/\/mastersul.com.br\/"},"author":{"name":"Gabriel Amarante","@id":"https:\/\/mastersul.com.br\/#\/schema\/person\/462270e149759539a07d47944ab9fa83"},"headline":"Home","datePublished":"2022-07-10T13:46:05+00:00","dateModified":"2025-12-15T11:17:32+00:00","mainEntityOfPage":{"@id":"https:\/\/mastersul.com.br\/"},"wordCount":6,"inLanguage":"es"},{"@type":"WebPage","@id":"https:\/\/mastersul.com.br\/","url":"https:\/\/mastersul.com.br\/","name":"Home","isPartOf":{"@id":"https:\/\/mastersul.com.br\/#website"},"datePublished":"2022-07-10T13:46:05+00:00","dateModified":"2025-12-15T11:17:32+00:00","description":"Mais do que assessorar a sua empresa: n\u00f3s garantimos o sucesso da sua importa\u00e7\u00e3o e exporta\u00e7\u00e3o.","breadcrumb":{"@id":"https:\/\/mastersul.com.br\/#breadcrumb"},"inLanguage":"es","potentialAction":[{"@type":"ReadAction","target":["https:\/\/mastersul.com.br\/"]}]},{"@type":"BreadcrumbList","@id":"https:\/\/mastersul.com.br\/#breadcrumb","itemListElement":[{"@type":"ListItem","position":1,"name":"In\u00edcio","item":"https:\/\/mastersul.com.br\/"},{"@type":"ListItem","position":2,"name":"Home"}]},{"@type":"WebSite","@id":"https:\/\/mastersul.com.br\/#website","url":"https:\/\/mastersul.com.br\/","name":"Mastersul","description":"Solu\u00e7\u00e3o log\u00edstica e aduaneira para a sua empresa","potentialAction":[{"@type":"SearchAction","target":{"@type":"EntryPoint","urlTemplate":"https:\/\/mastersul.com.br\/?s={search_term_string}"},"query-input":{"@type":"PropertyValueSpecification","valueRequired":true,"valueName":"search_term_string"}}],"inLanguage":"es"},{"@type":"Person","@id":"https:\/\/mastersul.com.br\/#\/schema\/person\/462270e149759539a07d47944ab9fa83","name":"Gabriel Amarante","image":{"@type":"ImageObject","inLanguage":"es","@id":"https:\/\/secure.gravatar.com\/avatar\/5b353e3e410b34e6bf21da9daf0ca97fd281ee9482091f81c438d5225f0e1e19?s=96&d=mm&r=g","url":"https:\/\/secure.gravatar.com\/avatar\/5b353e3e410b34e6bf21da9daf0ca97fd281ee9482091f81c438d5225f0e1e19?s=96&d=mm&r=g","contentUrl":"https:\/\/secure.gravatar.com\/avatar\/5b353e3e410b34e6bf21da9daf0ca97fd281ee9482091f81c438d5225f0e1e19?s=96&d=mm&r=g","caption":"Gabriel Amarante"},"sameAs":["https:\/\/gabrielfreelancer.com.br"],"url":"https:\/\/mastersul.com.br\/es\/author\/amarante\/"}]}},"_links":{"self":[{"href":"https:\/\/mastersul.com.br\/es\/wp-json\/wp\/v2\/pages\/8","targetHints":{"allow":["GET"]}}],"collection":[{"href":"https:\/\/mastersul.com.br\/es\/wp-json\/wp\/v2\/pages"}],"about":[{"href":"https:\/\/mastersul.com.br\/es\/wp-json\/wp\/v2\/types\/page"}],"author":[{"embeddable":true,"href":"https:\/\/mastersul.com.br\/es\/wp-json\/wp\/v2\/users\/1"}],"replies":[{"embeddable":true,"href":"https:\/\/mastersul.com.br\/es\/wp-json\/wp\/v2\/comments?post=8"}],"version-history":[{"count":7,"href":"https:\/\/mastersul.com.br\/es\/wp-json\/wp\/v2\/pages\/8\/revisions"}],"predecessor-version":[{"id":4758,"href":"https:\/\/mastersul.com.br\/es\/wp-json\/wp\/v2\/pages\/8\/revisions\/4758"}],"wp:attachment":[{"href":"https:\/\/mastersul.com.br\/es\/wp-json\/wp\/v2\/media?parent=8"}],"curies":[{"name":"wp","href":"https:\/\/api.w.org\/{rel}","templated":true}]}}